{"id":678,"date":"2017-06-16T17:37:38","date_gmt":"2017-06-16T15:37:38","guid":{"rendered":"https:\/\/www.hemime.it\/cat-weine\/"},"modified":"2017-09-27T14:48:48","modified_gmt":"2017-09-27T12:48:48","slug":"cat-vini","status":"publish","type":"page","link":"https:\/\/www.hemime.it\/it\/cat-vini\/","title":{"rendered":"Vini"},"content":{"rendered":"<p>Le variet\u00e0 di uve bianche rappresentano pi\u00f9 del 55% della zona viticola dell&#8217;Alto Adige. Conoscitori ed estimatori di vino apprezzano da sempre i vini pregiati della nostra regione e la grande fama che li contraddistingue.<\/p>\n","protected":false},"excerpt":{"rendered":"<p>Le variet\u00e0 di uve bianche rappresentano pi\u00f9 del 55% della zona viticola dell&#8217;Alto Adige. Conoscitori ed estimatori di vino apprezzano da sempre i vini pregiati della nostra regione e la [&hellip;]<\/p>\n","protected":false},"author":1,"featured_media":0,"parent":0,"menu_order":0,"comment_status":"closed","ping_status":"closed","template":"template-kategorie-mepima.php","meta":{"footnotes":""},"class_list":["post-678","page","type-page","status-publish","hentry"],"acf":[],"yoast_head":"<!-- This site is optimized with the Yoast SEO plugin v27.2 - https:\/\/yoast.com\/product\/yoast-seo-wordpress\/ -->\n<title>Wein aus S\u00fcdtirol Supermarkt \u2013 Hemime und Mepima<\/title>\n<meta name=\"description\" content=\"Genie\u00dfen Sie exzellenten Wein aus S\u00fcdtirol. Bei uns finden Sie Rotweine wie Vernatsch und LagreIn oder Wei\u00dfweine wie Wei\u00dfburgunder und vieles mehr.\" \/>\n<meta name=\"robots\" content=\"index, follow, max-snippet:-1, max-image-preview:large, max-video-preview:-1\" \/>\n<link rel=\"canonical\" href=\"https:\/\/www.hemime.it\/it\/cat-vini\/\" \/>\n<meta property=\"og:locale\" content=\"it_IT\" \/>\n<meta property=\"og:type\" content=\"article\" \/>\n<meta property=\"og:title\" content=\"Wein aus S\u00fcdtirol Supermarkt \u2013 Hemime und Mepima\" \/>\n<meta property=\"og:description\" content=\"Genie\u00dfen Sie exzellenten Wein aus S\u00fcdtirol. Bei uns finden Sie Rotweine wie Vernatsch und LagreIn oder Wei\u00dfweine wie Wei\u00dfburgunder und vieles mehr.\" \/>\n<meta property=\"og:url\" content=\"https:\/\/www.hemime.it\/it\/cat-vini\/\" \/>\n<meta property=\"og:site_name\" content=\"Hemime - Mepima\" \/>\n<meta property=\"article:modified_time\" content=\"2017-09-27T12:48:48+00:00\" \/>\n<meta name=\"twitter:card\" content=\"summary_large_image\" \/>\n<script type=\"application\/ld+json\" class=\"yoast-schema-graph\">{\"@context\":\"https:\/\/schema.org\",\"@graph\":[{\"@type\":\"WebPage\",\"@id\":\"https:\/\/www.hemime.it\/it\/cat-vini\/\",\"url\":\"https:\/\/www.hemime.it\/it\/cat-vini\/\",\"name\":\"Wein aus S\u00fcdtirol Supermarkt \u2013 Hemime und Mepima\",\"isPartOf\":{\"@id\":\"https:\/\/www.hemime.it\/#website\"},\"datePublished\":\"2017-06-16T15:37:38+00:00\",\"dateModified\":\"2017-09-27T12:48:48+00:00\",\"description\":\"Genie\u00dfen Sie exzellenten Wein aus S\u00fcdtirol. Bei uns finden Sie Rotweine wie Vernatsch und LagreIn oder Wei\u00dfweine wie Wei\u00dfburgunder und vieles mehr.\",\"breadcrumb\":{\"@id\":\"https:\/\/www.hemime.it\/it\/cat-vini\/#breadcrumb\"},\"inLanguage\":\"it-IT\",\"potentialAction\":[{\"@type\":\"ReadAction\",\"target\":[\"https:\/\/www.hemime.it\/it\/cat-vini\/\"]}]},{\"@type\":\"BreadcrumbList\",\"@id\":\"https:\/\/www.hemime.it\/it\/cat-vini\/#breadcrumb\",\"itemListElement\":[{\"@type\":\"ListItem\",\"position\":1,\"name\":\"Startseite\",\"item\":\"https:\/\/www.hemime.it\/it\/\"},{\"@type\":\"ListItem\",\"position\":2,\"name\":\"Vini\"}]},{\"@type\":\"WebSite\",\"@id\":\"https:\/\/www.hemime.it\/#website\",\"url\":\"https:\/\/www.hemime.it\/\",\"name\":\"Hemime - Mepima\",\"description\":\"Erleben Sie den Genuss von S\u00fcdtirol\",\"potentialAction\":[{\"@type\":\"SearchAction\",\"target\":{\"@type\":\"EntryPoint\",\"urlTemplate\":\"https:\/\/www.hemime.it\/?s={search_term_string}\"},\"query-input\":{\"@type\":\"PropertyValueSpecification\",\"valueRequired\":true,\"valueName\":\"search_term_string\"}}],\"inLanguage\":\"it-IT\"}]}<\/script>\n<!-- \/ Yoast SEO plugin. -->","yoast_head_json":{"title":"Wein aus S\u00fcdtirol Supermarkt \u2013 Hemime und Mepima","description":"Genie\u00dfen Sie exzellenten Wein aus S\u00fcdtirol. Bei uns finden Sie Rotweine wie Vernatsch und LagreIn oder Wei\u00dfweine wie Wei\u00dfburgunder und vieles mehr.","robots":{"index":"index","follow":"follow","max-snippet":"max-snippet:-1","max-image-preview":"max-image-preview:large","max-video-preview":"max-video-preview:-1"},"canonical":"https:\/\/www.hemime.it\/it\/cat-vini\/","og_locale":"it_IT","og_type":"article","og_title":"Wein aus S\u00fcdtirol Supermarkt \u2013 Hemime und Mepima","og_description":"Genie\u00dfen Sie exzellenten Wein aus S\u00fcdtirol. Bei uns finden Sie Rotweine wie Vernatsch und LagreIn oder Wei\u00dfweine wie Wei\u00dfburgunder und vieles mehr.","og_url":"https:\/\/www.hemime.it\/it\/cat-vini\/","og_site_name":"Hemime - Mepima","article_modified_time":"2017-09-27T12:48:48+00:00","twitter_card":"summary_large_image","schema":{"@context":"https:\/\/schema.org","@graph":[{"@type":"WebPage","@id":"https:\/\/www.hemime.it\/it\/cat-vini\/","url":"https:\/\/www.hemime.it\/it\/cat-vini\/","name":"Wein aus S\u00fcdtirol Supermarkt \u2013 Hemime und Mepima","isPartOf":{"@id":"https:\/\/www.hemime.it\/#website"},"datePublished":"2017-06-16T15:37:38+00:00","dateModified":"2017-09-27T12:48:48+00:00","description":"Genie\u00dfen Sie exzellenten Wein aus S\u00fcdtirol. Bei uns finden Sie Rotweine wie Vernatsch und LagreIn oder Wei\u00dfweine wie Wei\u00dfburgunder und vieles mehr.","breadcrumb":{"@id":"https:\/\/www.hemime.it\/it\/cat-vini\/#breadcrumb"},"inLanguage":"it-IT","potentialAction":[{"@type":"ReadAction","target":["https:\/\/www.hemime.it\/it\/cat-vini\/"]}]},{"@type":"BreadcrumbList","@id":"https:\/\/www.hemime.it\/it\/cat-vini\/#breadcrumb","itemListElement":[{"@type":"ListItem","position":1,"name":"Startseite","item":"https:\/\/www.hemime.it\/it\/"},{"@type":"ListItem","position":2,"name":"Vini"}]},{"@type":"WebSite","@id":"https:\/\/www.hemime.it\/#website","url":"https:\/\/www.hemime.it\/","name":"Hemime - Mepima","description":"Erleben Sie den Genuss von S\u00fcdtirol","potentialAction":[{"@type":"SearchAction","target":{"@type":"EntryPoint","urlTemplate":"https:\/\/www.hemime.it\/?s={search_term_string}"},"query-input":{"@type":"PropertyValueSpecification","valueRequired":true,"valueName":"search_term_string"}}],"inLanguage":"it-IT"}]}},"jetpack_shortlink":"https:\/\/wp.me\/P8P8R6-aW","jetpack_sharing_enabled":true,"_links":{"self":[{"href":"https:\/\/www.hemime.it\/it\/wp-json\/wp\/v2\/pages\/678","targetHints":{"allow":["GET"]}}],"collection":[{"href":"https:\/\/www.hemime.it\/it\/wp-json\/wp\/v2\/pages"}],"about":[{"href":"https:\/\/www.hemime.it\/it\/wp-json\/wp\/v2\/types\/page"}],"author":[{"embeddable":true,"href":"https:\/\/www.hemime.it\/it\/wp-json\/wp\/v2\/users\/1"}],"replies":[{"embeddable":true,"href":"https:\/\/www.hemime.it\/it\/wp-json\/wp\/v2\/comments?post=678"}],"version-history":[{"count":4,"href":"https:\/\/www.hemime.it\/it\/wp-json\/wp\/v2\/pages\/678\/revisions"}],"predecessor-version":[{"id":927,"href":"https:\/\/www.hemime.it\/it\/wp-json\/wp\/v2\/pages\/678\/revisions\/927"}],"wp:attachment":[{"href":"https:\/\/www.hemime.it\/it\/wp-json\/wp\/v2\/media?parent=678"}],"curies":[{"name":"wp","href":"https:\/\/api.w.org\/{rel}","templated":true}]}}