{"id":677,"date":"2017-06-16T17:37:35","date_gmt":"2017-06-16T15:37:35","guid":{"rendered":"https:\/\/www.hemime.it\/cat-knoedel-spaetzle\/"},"modified":"2017-09-27T14:50:18","modified_gmt":"2017-09-27T12:50:18","slug":"cat-canederli-spaetzle","status":"publish","type":"page","link":"https:\/\/www.hemime.it\/it\/cat-canederli-spaetzle\/","title":{"rendered":"Canederli &#038; Sp\u00e4tzle"},"content":{"rendered":"<p>I canederli pi\u00f9 conosciuti sono quelli allo speck preparati con lo Speck Alto Adige. Tutti i nostri canederli vengono controllati singolarmente e confezionati a mano.<br \/>\nGli Sp\u00e4tzle, invece, vengono serviti solitamente come piatto principale e con una salsa di prosciutto e panna.<\/p>\n","protected":false},"excerpt":{"rendered":"<p>I canederli pi\u00f9 conosciuti sono quelli allo speck preparati con lo Speck Alto Adige. Tutti i nostri canederli vengono controllati singolarmente e confezionati a mano. Gli Sp\u00e4tzle, invece, vengono serviti [&hellip;]<\/p>\n","protected":false},"author":1,"featured_media":0,"parent":0,"menu_order":0,"comment_status":"closed","ping_status":"closed","template":"template-kategorie-mepima.php","meta":{"footnotes":""},"class_list":["post-677","page","type-page","status-publish","hentry"],"acf":[],"yoast_head":"<!-- This site is optimized with the Yoast SEO plugin v27.2 - https:\/\/yoast.com\/product\/yoast-seo-wordpress\/ -->\n<title>S\u00fcdtiroler Kn\u00f6del, Speckkn\u00f6del, K\u00e4sekn\u00f6del - Hemime und Mepima<\/title>\n<meta name=\"description\" content=\"Kaum eine Spezialit\u00e4t in S\u00fcdtirol ist so vielseitig wie die S\u00fcdtiroler Kn\u00f6del. Die bekanntesten Kn\u00f6del sind die Speckkn\u00f6del.\" \/>\n<meta name=\"robots\" content=\"index, follow, max-snippet:-1, max-image-preview:large, max-video-preview:-1\" \/>\n<link rel=\"canonical\" href=\"https:\/\/www.hemime.it\/it\/cat-canederli-spaetzle\/\" \/>\n<meta property=\"og:locale\" content=\"it_IT\" \/>\n<meta property=\"og:type\" content=\"article\" \/>\n<meta property=\"og:title\" content=\"S\u00fcdtiroler Kn\u00f6del, Speckkn\u00f6del, K\u00e4sekn\u00f6del - Hemime und Mepima\" \/>\n<meta property=\"og:description\" content=\"Kaum eine Spezialit\u00e4t in S\u00fcdtirol ist so vielseitig wie die S\u00fcdtiroler Kn\u00f6del. Die bekanntesten Kn\u00f6del sind die Speckkn\u00f6del.\" \/>\n<meta property=\"og:url\" content=\"https:\/\/www.hemime.it\/it\/cat-canederli-spaetzle\/\" \/>\n<meta property=\"og:site_name\" content=\"Hemime - Mepima\" \/>\n<meta property=\"article:modified_time\" content=\"2017-09-27T12:50:18+00:00\" \/>\n<meta name=\"twitter:card\" content=\"summary_large_image\" \/>\n<script type=\"application\/ld+json\" class=\"yoast-schema-graph\">{\"@context\":\"https:\/\/schema.org\",\"@graph\":[{\"@type\":\"WebPage\",\"@id\":\"https:\/\/www.hemime.it\/it\/cat-canederli-spaetzle\/\",\"url\":\"https:\/\/www.hemime.it\/it\/cat-canederli-spaetzle\/\",\"name\":\"S\u00fcdtiroler Kn\u00f6del, Speckkn\u00f6del, K\u00e4sekn\u00f6del - Hemime und Mepima\",\"isPartOf\":{\"@id\":\"https:\/\/www.hemime.it\/#website\"},\"datePublished\":\"2017-06-16T15:37:35+00:00\",\"dateModified\":\"2017-09-27T12:50:18+00:00\",\"description\":\"Kaum eine Spezialit\u00e4t in S\u00fcdtirol ist so vielseitig wie die S\u00fcdtiroler Kn\u00f6del. Die bekanntesten Kn\u00f6del sind die Speckkn\u00f6del.\",\"breadcrumb\":{\"@id\":\"https:\/\/www.hemime.it\/it\/cat-canederli-spaetzle\/#breadcrumb\"},\"inLanguage\":\"it-IT\",\"potentialAction\":[{\"@type\":\"ReadAction\",\"target\":[\"https:\/\/www.hemime.it\/it\/cat-canederli-spaetzle\/\"]}]},{\"@type\":\"BreadcrumbList\",\"@id\":\"https:\/\/www.hemime.it\/it\/cat-canederli-spaetzle\/#breadcrumb\",\"itemListElement\":[{\"@type\":\"ListItem\",\"position\":1,\"name\":\"Startseite\",\"item\":\"https:\/\/www.hemime.it\/it\/\"},{\"@type\":\"ListItem\",\"position\":2,\"name\":\"Canederli &#038; Sp\u00e4tzle\"}]},{\"@type\":\"WebSite\",\"@id\":\"https:\/\/www.hemime.it\/#website\",\"url\":\"https:\/\/www.hemime.it\/\",\"name\":\"Hemime - Mepima\",\"description\":\"Erleben Sie den Genuss von S\u00fcdtirol\",\"potentialAction\":[{\"@type\":\"SearchAction\",\"target\":{\"@type\":\"EntryPoint\",\"urlTemplate\":\"https:\/\/www.hemime.it\/?s={search_term_string}\"},\"query-input\":{\"@type\":\"PropertyValueSpecification\",\"valueRequired\":true,\"valueName\":\"search_term_string\"}}],\"inLanguage\":\"it-IT\"}]}<\/script>\n<!-- \/ Yoast SEO plugin. -->","yoast_head_json":{"title":"S\u00fcdtiroler Kn\u00f6del, Speckkn\u00f6del, K\u00e4sekn\u00f6del - Hemime und Mepima","description":"Kaum eine Spezialit\u00e4t in S\u00fcdtirol ist so vielseitig wie die S\u00fcdtiroler Kn\u00f6del. Die bekanntesten Kn\u00f6del sind die Speckkn\u00f6del.","robots":{"index":"index","follow":"follow","max-snippet":"max-snippet:-1","max-image-preview":"max-image-preview:large","max-video-preview":"max-video-preview:-1"},"canonical":"https:\/\/www.hemime.it\/it\/cat-canederli-spaetzle\/","og_locale":"it_IT","og_type":"article","og_title":"S\u00fcdtiroler Kn\u00f6del, Speckkn\u00f6del, K\u00e4sekn\u00f6del - Hemime und Mepima","og_description":"Kaum eine Spezialit\u00e4t in S\u00fcdtirol ist so vielseitig wie die S\u00fcdtiroler Kn\u00f6del. Die bekanntesten Kn\u00f6del sind die Speckkn\u00f6del.","og_url":"https:\/\/www.hemime.it\/it\/cat-canederli-spaetzle\/","og_site_name":"Hemime - Mepima","article_modified_time":"2017-09-27T12:50:18+00:00","twitter_card":"summary_large_image","schema":{"@context":"https:\/\/schema.org","@graph":[{"@type":"WebPage","@id":"https:\/\/www.hemime.it\/it\/cat-canederli-spaetzle\/","url":"https:\/\/www.hemime.it\/it\/cat-canederli-spaetzle\/","name":"S\u00fcdtiroler Kn\u00f6del, Speckkn\u00f6del, K\u00e4sekn\u00f6del - Hemime und Mepima","isPartOf":{"@id":"https:\/\/www.hemime.it\/#website"},"datePublished":"2017-06-16T15:37:35+00:00","dateModified":"2017-09-27T12:50:18+00:00","description":"Kaum eine Spezialit\u00e4t in S\u00fcdtirol ist so vielseitig wie die S\u00fcdtiroler Kn\u00f6del. Die bekanntesten Kn\u00f6del sind die Speckkn\u00f6del.","breadcrumb":{"@id":"https:\/\/www.hemime.it\/it\/cat-canederli-spaetzle\/#breadcrumb"},"inLanguage":"it-IT","potentialAction":[{"@type":"ReadAction","target":["https:\/\/www.hemime.it\/it\/cat-canederli-spaetzle\/"]}]},{"@type":"BreadcrumbList","@id":"https:\/\/www.hemime.it\/it\/cat-canederli-spaetzle\/#breadcrumb","itemListElement":[{"@type":"ListItem","position":1,"name":"Startseite","item":"https:\/\/www.hemime.it\/it\/"},{"@type":"ListItem","position":2,"name":"Canederli &#038; Sp\u00e4tzle"}]},{"@type":"WebSite","@id":"https:\/\/www.hemime.it\/#website","url":"https:\/\/www.hemime.it\/","name":"Hemime - Mepima","description":"Erleben Sie den Genuss von S\u00fcdtirol","potentialAction":[{"@type":"SearchAction","target":{"@type":"EntryPoint","urlTemplate":"https:\/\/www.hemime.it\/?s={search_term_string}"},"query-input":{"@type":"PropertyValueSpecification","valueRequired":true,"valueName":"search_term_string"}}],"inLanguage":"it-IT"}]}},"jetpack_shortlink":"https:\/\/wp.me\/P8P8R6-aV","jetpack_sharing_enabled":true,"_links":{"self":[{"href":"https:\/\/www.hemime.it\/it\/wp-json\/wp\/v2\/pages\/677","targetHints":{"allow":["GET"]}}],"collection":[{"href":"https:\/\/www.hemime.it\/it\/wp-json\/wp\/v2\/pages"}],"about":[{"href":"https:\/\/www.hemime.it\/it\/wp-json\/wp\/v2\/types\/page"}],"author":[{"embeddable":true,"href":"https:\/\/www.hemime.it\/it\/wp-json\/wp\/v2\/users\/1"}],"replies":[{"embeddable":true,"href":"https:\/\/www.hemime.it\/it\/wp-json\/wp\/v2\/comments?post=677"}],"version-history":[{"count":5,"href":"https:\/\/www.hemime.it\/it\/wp-json\/wp\/v2\/pages\/677\/revisions"}],"predecessor-version":[{"id":929,"href":"https:\/\/www.hemime.it\/it\/wp-json\/wp\/v2\/pages\/677\/revisions\/929"}],"wp:attachment":[{"href":"https:\/\/www.hemime.it\/it\/wp-json\/wp\/v2\/media?parent=677"}],"curies":[{"name":"wp","href":"https:\/\/api.w.org\/{rel}","templated":true}]}}