{"id":675,"date":"2017-06-16T17:37:31","date_gmt":"2017-06-16T15:37:31","guid":{"rendered":"https:\/\/www.hemime.it\/cat-kaese\/"},"modified":"2017-09-27T14:50:49","modified_gmt":"2017-09-27T12:50:49","slug":"cat-formaggi","status":"publish","type":"page","link":"https:\/\/www.hemime.it\/it\/cat-formaggi\/","title":{"rendered":"Formaggi"},"content":{"rendered":"<p>Le variet\u00e0 di formaggio stagionano per diversi mesi prima di essere pronte per la vendita e poter offrire tanti diversi aromi e sapori.<\/p>\n","protected":false},"excerpt":{"rendered":"<p>Le variet\u00e0 di formaggio stagionano per diversi mesi prima di essere pronte per la vendita e poter offrire tanti diversi aromi e sapori.<\/p>\n","protected":false},"author":1,"featured_media":0,"parent":0,"menu_order":0,"comment_status":"closed","ping_status":"closed","template":"template-kategorie-mepima.php","meta":{"footnotes":""},"class_list":["post-675","page","type-page","status-publish","hentry"],"acf":[],"yoast_head":"<!-- This site is optimized with the Yoast SEO plugin v27.2 - https:\/\/yoast.com\/product\/yoast-seo-wordpress\/ -->\n<title>Hochwertiger K\u00e4se aus S\u00fcdtirol- Hemime und Mepima<\/title>\n<meta name=\"description\" content=\"Genie\u00dfen Sie hochwertigen K\u00e4se aus S\u00fcdtirol. Zahlreiche, exquisite K\u00e4sesorten werden auf den Bergbauernh\u00f6fen S\u00fcdtirols hergestellt.\" \/>\n<meta name=\"robots\" content=\"index, follow, max-snippet:-1, max-image-preview:large, max-video-preview:-1\" \/>\n<link rel=\"canonical\" href=\"https:\/\/www.hemime.it\/it\/cat-formaggi\/\" \/>\n<meta property=\"og:locale\" content=\"it_IT\" \/>\n<meta property=\"og:type\" content=\"article\" \/>\n<meta property=\"og:title\" content=\"Hochwertiger K\u00e4se aus S\u00fcdtirol- Hemime und Mepima\" \/>\n<meta property=\"og:description\" content=\"Genie\u00dfen Sie hochwertigen K\u00e4se aus S\u00fcdtirol. Zahlreiche, exquisite K\u00e4sesorten werden auf den Bergbauernh\u00f6fen S\u00fcdtirols hergestellt.\" \/>\n<meta property=\"og:url\" content=\"https:\/\/www.hemime.it\/it\/cat-formaggi\/\" \/>\n<meta property=\"og:site_name\" content=\"Hemime - Mepima\" \/>\n<meta property=\"article:modified_time\" content=\"2017-09-27T12:50:49+00:00\" \/>\n<meta name=\"twitter:card\" content=\"summary_large_image\" \/>\n<script type=\"application\/ld+json\" class=\"yoast-schema-graph\">{\"@context\":\"https:\/\/schema.org\",\"@graph\":[{\"@type\":\"WebPage\",\"@id\":\"https:\/\/www.hemime.it\/it\/cat-formaggi\/\",\"url\":\"https:\/\/www.hemime.it\/it\/cat-formaggi\/\",\"name\":\"Hochwertiger K\u00e4se aus S\u00fcdtirol- Hemime und Mepima\",\"isPartOf\":{\"@id\":\"https:\/\/www.hemime.it\/#website\"},\"datePublished\":\"2017-06-16T15:37:31+00:00\",\"dateModified\":\"2017-09-27T12:50:49+00:00\",\"description\":\"Genie\u00dfen Sie hochwertigen K\u00e4se aus S\u00fcdtirol. Zahlreiche, exquisite K\u00e4sesorten werden auf den Bergbauernh\u00f6fen S\u00fcdtirols hergestellt.\",\"breadcrumb\":{\"@id\":\"https:\/\/www.hemime.it\/it\/cat-formaggi\/#breadcrumb\"},\"inLanguage\":\"it-IT\",\"potentialAction\":[{\"@type\":\"ReadAction\",\"target\":[\"https:\/\/www.hemime.it\/it\/cat-formaggi\/\"]}]},{\"@type\":\"BreadcrumbList\",\"@id\":\"https:\/\/www.hemime.it\/it\/cat-formaggi\/#breadcrumb\",\"itemListElement\":[{\"@type\":\"ListItem\",\"position\":1,\"name\":\"Startseite\",\"item\":\"https:\/\/www.hemime.it\/it\/\"},{\"@type\":\"ListItem\",\"position\":2,\"name\":\"Formaggi\"}]},{\"@type\":\"WebSite\",\"@id\":\"https:\/\/www.hemime.it\/#website\",\"url\":\"https:\/\/www.hemime.it\/\",\"name\":\"Hemime - Mepima\",\"description\":\"Erleben Sie den Genuss von S\u00fcdtirol\",\"potentialAction\":[{\"@type\":\"SearchAction\",\"target\":{\"@type\":\"EntryPoint\",\"urlTemplate\":\"https:\/\/www.hemime.it\/?s={search_term_string}\"},\"query-input\":{\"@type\":\"PropertyValueSpecification\",\"valueRequired\":true,\"valueName\":\"search_term_string\"}}],\"inLanguage\":\"it-IT\"}]}<\/script>\n<!-- \/ Yoast SEO plugin. -->","yoast_head_json":{"title":"Hochwertiger K\u00e4se aus S\u00fcdtirol- Hemime und Mepima","description":"Genie\u00dfen Sie hochwertigen K\u00e4se aus S\u00fcdtirol. Zahlreiche, exquisite K\u00e4sesorten werden auf den Bergbauernh\u00f6fen S\u00fcdtirols hergestellt.","robots":{"index":"index","follow":"follow","max-snippet":"max-snippet:-1","max-image-preview":"max-image-preview:large","max-video-preview":"max-video-preview:-1"},"canonical":"https:\/\/www.hemime.it\/it\/cat-formaggi\/","og_locale":"it_IT","og_type":"article","og_title":"Hochwertiger K\u00e4se aus S\u00fcdtirol- Hemime und Mepima","og_description":"Genie\u00dfen Sie hochwertigen K\u00e4se aus S\u00fcdtirol. Zahlreiche, exquisite K\u00e4sesorten werden auf den Bergbauernh\u00f6fen S\u00fcdtirols hergestellt.","og_url":"https:\/\/www.hemime.it\/it\/cat-formaggi\/","og_site_name":"Hemime - Mepima","article_modified_time":"2017-09-27T12:50:49+00:00","twitter_card":"summary_large_image","schema":{"@context":"https:\/\/schema.org","@graph":[{"@type":"WebPage","@id":"https:\/\/www.hemime.it\/it\/cat-formaggi\/","url":"https:\/\/www.hemime.it\/it\/cat-formaggi\/","name":"Hochwertiger K\u00e4se aus S\u00fcdtirol- Hemime und Mepima","isPartOf":{"@id":"https:\/\/www.hemime.it\/#website"},"datePublished":"2017-06-16T15:37:31+00:00","dateModified":"2017-09-27T12:50:49+00:00","description":"Genie\u00dfen Sie hochwertigen K\u00e4se aus S\u00fcdtirol. Zahlreiche, exquisite K\u00e4sesorten werden auf den Bergbauernh\u00f6fen S\u00fcdtirols hergestellt.","breadcrumb":{"@id":"https:\/\/www.hemime.it\/it\/cat-formaggi\/#breadcrumb"},"inLanguage":"it-IT","potentialAction":[{"@type":"ReadAction","target":["https:\/\/www.hemime.it\/it\/cat-formaggi\/"]}]},{"@type":"BreadcrumbList","@id":"https:\/\/www.hemime.it\/it\/cat-formaggi\/#breadcrumb","itemListElement":[{"@type":"ListItem","position":1,"name":"Startseite","item":"https:\/\/www.hemime.it\/it\/"},{"@type":"ListItem","position":2,"name":"Formaggi"}]},{"@type":"WebSite","@id":"https:\/\/www.hemime.it\/#website","url":"https:\/\/www.hemime.it\/","name":"Hemime - Mepima","description":"Erleben Sie den Genuss von S\u00fcdtirol","potentialAction":[{"@type":"SearchAction","target":{"@type":"EntryPoint","urlTemplate":"https:\/\/www.hemime.it\/?s={search_term_string}"},"query-input":{"@type":"PropertyValueSpecification","valueRequired":true,"valueName":"search_term_string"}}],"inLanguage":"it-IT"}]}},"jetpack_shortlink":"https:\/\/wp.me\/P8P8R6-aT","jetpack_sharing_enabled":true,"_links":{"self":[{"href":"https:\/\/www.hemime.it\/it\/wp-json\/wp\/v2\/pages\/675","targetHints":{"allow":["GET"]}}],"collection":[{"href":"https:\/\/www.hemime.it\/it\/wp-json\/wp\/v2\/pages"}],"about":[{"href":"https:\/\/www.hemime.it\/it\/wp-json\/wp\/v2\/types\/page"}],"author":[{"embeddable":true,"href":"https:\/\/www.hemime.it\/it\/wp-json\/wp\/v2\/users\/1"}],"replies":[{"embeddable":true,"href":"https:\/\/www.hemime.it\/it\/wp-json\/wp\/v2\/comments?post=675"}],"version-history":[{"count":5,"href":"https:\/\/www.hemime.it\/it\/wp-json\/wp\/v2\/pages\/675\/revisions"}],"predecessor-version":[{"id":930,"href":"https:\/\/www.hemime.it\/it\/wp-json\/wp\/v2\/pages\/675\/revisions\/930"}],"wp:attachment":[{"href":"https:\/\/www.hemime.it\/it\/wp-json\/wp\/v2\/media?parent=675"}],"curies":[{"name":"wp","href":"https:\/\/api.w.org\/{rel}","templated":true}]}}