{"id":673,"date":"2017-06-16T17:37:22","date_gmt":"2017-06-16T15:37:22","guid":{"rendered":"https:\/\/www.hemime.it\/cat-frische-nachspeisen\/"},"modified":"2017-09-27T14:51:47","modified_gmt":"2017-09-27T12:51:47","slug":"cat-dolci-freschi","status":"publish","type":"page","link":"https:\/\/www.hemime.it\/it\/cat-dolci-freschi\/","title":{"rendered":"Dolci freschi"},"content":{"rendered":"<p>Con gli ingredienti di qualit\u00e0 dell&#8217;Alto Adige vengono realizzati questi dolci unici: lo Strudel di mele fresche e la torta Linzer con farina di grano saraceno e mirtilli.<\/p>\n","protected":false},"excerpt":{"rendered":"<p>Con gli ingredienti di qualit\u00e0 dell&#8217;Alto Adige vengono realizzati questi dolci unici: lo Strudel di mele fresche e la torta Linzer con farina di grano saraceno e mirtilli.<\/p>\n","protected":false},"author":1,"featured_media":0,"parent":0,"menu_order":0,"comment_status":"closed","ping_status":"closed","template":"template-kategorie-mepima.php","meta":{"footnotes":""},"class_list":["post-673","page","type-page","status-publish","hentry"],"acf":[],"yoast_head":"<!-- This site is optimized with the Yoast SEO plugin v27.2 - https:\/\/yoast.com\/product\/yoast-seo-wordpress\/ -->\n<title>S\u00fcdtiroler Nachspeisen in Ihrem Supermarket, italienweit<\/title>\n<meta name=\"description\" content=\"Genie\u00dfen Sie S\u00fcdtiroler Nachspeisen, frisch aus dem Regel in ihrem Supermarket. W\u00e4hlen Sie zwischen Apfelstrudel, Linzer Kuchen und vielen mehr!\" \/>\n<meta name=\"robots\" content=\"index, follow, max-snippet:-1, max-image-preview:large, max-video-preview:-1\" \/>\n<link rel=\"canonical\" href=\"https:\/\/www.hemime.it\/it\/cat-dolci-freschi\/\" \/>\n<meta property=\"og:locale\" content=\"it_IT\" \/>\n<meta property=\"og:type\" content=\"article\" \/>\n<meta property=\"og:title\" content=\"S\u00fcdtiroler Nachspeisen in Ihrem Supermarket, italienweit\" \/>\n<meta property=\"og:description\" content=\"Genie\u00dfen Sie S\u00fcdtiroler Nachspeisen, frisch aus dem Regel in ihrem Supermarket. W\u00e4hlen Sie zwischen Apfelstrudel, Linzer Kuchen und vielen mehr!\" \/>\n<meta property=\"og:url\" content=\"https:\/\/www.hemime.it\/it\/cat-dolci-freschi\/\" \/>\n<meta property=\"og:site_name\" content=\"Hemime - Mepima\" \/>\n<meta property=\"article:modified_time\" content=\"2017-09-27T12:51:47+00:00\" \/>\n<meta name=\"twitter:card\" content=\"summary_large_image\" \/>\n<script type=\"application\/ld+json\" class=\"yoast-schema-graph\">{\"@context\":\"https:\/\/schema.org\",\"@graph\":[{\"@type\":\"WebPage\",\"@id\":\"https:\/\/www.hemime.it\/it\/cat-dolci-freschi\/\",\"url\":\"https:\/\/www.hemime.it\/it\/cat-dolci-freschi\/\",\"name\":\"S\u00fcdtiroler Nachspeisen in Ihrem Supermarket, italienweit\",\"isPartOf\":{\"@id\":\"https:\/\/www.hemime.it\/#website\"},\"datePublished\":\"2017-06-16T15:37:22+00:00\",\"dateModified\":\"2017-09-27T12:51:47+00:00\",\"description\":\"Genie\u00dfen Sie S\u00fcdtiroler Nachspeisen, frisch aus dem Regel in ihrem Supermarket. W\u00e4hlen Sie zwischen Apfelstrudel, Linzer Kuchen und vielen mehr!\",\"breadcrumb\":{\"@id\":\"https:\/\/www.hemime.it\/it\/cat-dolci-freschi\/#breadcrumb\"},\"inLanguage\":\"it-IT\",\"potentialAction\":[{\"@type\":\"ReadAction\",\"target\":[\"https:\/\/www.hemime.it\/it\/cat-dolci-freschi\/\"]}]},{\"@type\":\"BreadcrumbList\",\"@id\":\"https:\/\/www.hemime.it\/it\/cat-dolci-freschi\/#breadcrumb\",\"itemListElement\":[{\"@type\":\"ListItem\",\"position\":1,\"name\":\"Startseite\",\"item\":\"https:\/\/www.hemime.it\/it\/\"},{\"@type\":\"ListItem\",\"position\":2,\"name\":\"Dolci freschi\"}]},{\"@type\":\"WebSite\",\"@id\":\"https:\/\/www.hemime.it\/#website\",\"url\":\"https:\/\/www.hemime.it\/\",\"name\":\"Hemime - Mepima\",\"description\":\"Erleben Sie den Genuss von S\u00fcdtirol\",\"potentialAction\":[{\"@type\":\"SearchAction\",\"target\":{\"@type\":\"EntryPoint\",\"urlTemplate\":\"https:\/\/www.hemime.it\/?s={search_term_string}\"},\"query-input\":{\"@type\":\"PropertyValueSpecification\",\"valueRequired\":true,\"valueName\":\"search_term_string\"}}],\"inLanguage\":\"it-IT\"}]}<\/script>\n<!-- \/ Yoast SEO plugin. -->","yoast_head_json":{"title":"S\u00fcdtiroler Nachspeisen in Ihrem Supermarket, italienweit","description":"Genie\u00dfen Sie S\u00fcdtiroler Nachspeisen, frisch aus dem Regel in ihrem Supermarket. W\u00e4hlen Sie zwischen Apfelstrudel, Linzer Kuchen und vielen mehr!","robots":{"index":"index","follow":"follow","max-snippet":"max-snippet:-1","max-image-preview":"max-image-preview:large","max-video-preview":"max-video-preview:-1"},"canonical":"https:\/\/www.hemime.it\/it\/cat-dolci-freschi\/","og_locale":"it_IT","og_type":"article","og_title":"S\u00fcdtiroler Nachspeisen in Ihrem Supermarket, italienweit","og_description":"Genie\u00dfen Sie S\u00fcdtiroler Nachspeisen, frisch aus dem Regel in ihrem Supermarket. W\u00e4hlen Sie zwischen Apfelstrudel, Linzer Kuchen und vielen mehr!","og_url":"https:\/\/www.hemime.it\/it\/cat-dolci-freschi\/","og_site_name":"Hemime - Mepima","article_modified_time":"2017-09-27T12:51:47+00:00","twitter_card":"summary_large_image","schema":{"@context":"https:\/\/schema.org","@graph":[{"@type":"WebPage","@id":"https:\/\/www.hemime.it\/it\/cat-dolci-freschi\/","url":"https:\/\/www.hemime.it\/it\/cat-dolci-freschi\/","name":"S\u00fcdtiroler Nachspeisen in Ihrem Supermarket, italienweit","isPartOf":{"@id":"https:\/\/www.hemime.it\/#website"},"datePublished":"2017-06-16T15:37:22+00:00","dateModified":"2017-09-27T12:51:47+00:00","description":"Genie\u00dfen Sie S\u00fcdtiroler Nachspeisen, frisch aus dem Regel in ihrem Supermarket. W\u00e4hlen Sie zwischen Apfelstrudel, Linzer Kuchen und vielen mehr!","breadcrumb":{"@id":"https:\/\/www.hemime.it\/it\/cat-dolci-freschi\/#breadcrumb"},"inLanguage":"it-IT","potentialAction":[{"@type":"ReadAction","target":["https:\/\/www.hemime.it\/it\/cat-dolci-freschi\/"]}]},{"@type":"BreadcrumbList","@id":"https:\/\/www.hemime.it\/it\/cat-dolci-freschi\/#breadcrumb","itemListElement":[{"@type":"ListItem","position":1,"name":"Startseite","item":"https:\/\/www.hemime.it\/it\/"},{"@type":"ListItem","position":2,"name":"Dolci freschi"}]},{"@type":"WebSite","@id":"https:\/\/www.hemime.it\/#website","url":"https:\/\/www.hemime.it\/","name":"Hemime - Mepima","description":"Erleben Sie den Genuss von S\u00fcdtirol","potentialAction":[{"@type":"SearchAction","target":{"@type":"EntryPoint","urlTemplate":"https:\/\/www.hemime.it\/?s={search_term_string}"},"query-input":{"@type":"PropertyValueSpecification","valueRequired":true,"valueName":"search_term_string"}}],"inLanguage":"it-IT"}]}},"jetpack_shortlink":"https:\/\/wp.me\/P8P8R6-aR","jetpack_sharing_enabled":true,"_links":{"self":[{"href":"https:\/\/www.hemime.it\/it\/wp-json\/wp\/v2\/pages\/673","targetHints":{"allow":["GET"]}}],"collection":[{"href":"https:\/\/www.hemime.it\/it\/wp-json\/wp\/v2\/pages"}],"about":[{"href":"https:\/\/www.hemime.it\/it\/wp-json\/wp\/v2\/types\/page"}],"author":[{"embeddable":true,"href":"https:\/\/www.hemime.it\/it\/wp-json\/wp\/v2\/users\/1"}],"replies":[{"embeddable":true,"href":"https:\/\/www.hemime.it\/it\/wp-json\/wp\/v2\/comments?post=673"}],"version-history":[{"count":5,"href":"https:\/\/www.hemime.it\/it\/wp-json\/wp\/v2\/pages\/673\/revisions"}],"predecessor-version":[{"id":932,"href":"https:\/\/www.hemime.it\/it\/wp-json\/wp\/v2\/pages\/673\/revisions\/932"}],"wp:attachment":[{"href":"https:\/\/www.hemime.it\/it\/wp-json\/wp\/v2\/media?parent=673"}],"curies":[{"name":"wp","href":"https:\/\/api.w.org\/{rel}","templated":true}]}}