{"id":672,"date":"2017-06-16T17:37:18","date_gmt":"2017-06-16T15:37:18","guid":{"rendered":"https:\/\/www.hemime.it\/cat-fleischwaren\/"},"modified":"2017-09-27T14:52:15","modified_gmt":"2017-09-27T12:52:15","slug":"cat-salumi","status":"publish","type":"page","link":"https:\/\/www.hemime.it\/it\/cat-salumi\/","title":{"rendered":"Salumi"},"content":{"rendered":"<p>La lavorazione territoriale garantisce l\u2019eccellente qualit\u00e0 di prodotti quali speck, W\u00fcrstel, prosciutti e salami.<\/p>\n","protected":false},"excerpt":{"rendered":"<p>La lavorazione territoriale garantisce l\u2019eccellente qualit\u00e0 di prodotti quali speck, W\u00fcrstel, prosciutti e salami.<\/p>\n","protected":false},"author":1,"featured_media":0,"parent":0,"menu_order":0,"comment_status":"closed","ping_status":"closed","template":"template-kategorie-mepima.php","meta":{"footnotes":""},"class_list":["post-672","page","type-page","status-publish","hentry"],"acf":[],"yoast_head":"<!-- This site is optimized with the Yoast SEO plugin v27.2 - https:\/\/yoast.com\/product\/yoast-seo-wordpress\/ -->\n<title>Fleischwaren aus S\u00fcdtirol in Ihrem Supermarket, italienweit.<\/title>\n<meta name=\"description\" content=\"Unsere Fleischwaren aus S\u00fcdtirol stehen f\u00fcr Regionalit\u00e4t und Qualit\u00e4t. Die Tiere sind nachweislich in S\u00fcdtirol geboren und aufgewachsen.\" \/>\n<meta name=\"robots\" content=\"index, follow, max-snippet:-1, max-image-preview:large, max-video-preview:-1\" \/>\n<link rel=\"canonical\" href=\"https:\/\/www.hemime.it\/it\/cat-salumi\/\" \/>\n<meta property=\"og:locale\" content=\"it_IT\" \/>\n<meta property=\"og:type\" content=\"article\" \/>\n<meta property=\"og:title\" content=\"Fleischwaren aus S\u00fcdtirol in Ihrem Supermarket, italienweit.\" \/>\n<meta property=\"og:description\" content=\"Unsere Fleischwaren aus S\u00fcdtirol stehen f\u00fcr Regionalit\u00e4t und Qualit\u00e4t. Die Tiere sind nachweislich in S\u00fcdtirol geboren und aufgewachsen.\" \/>\n<meta property=\"og:url\" content=\"https:\/\/www.hemime.it\/it\/cat-salumi\/\" \/>\n<meta property=\"og:site_name\" content=\"Hemime - Mepima\" \/>\n<meta property=\"article:modified_time\" content=\"2017-09-27T12:52:15+00:00\" \/>\n<meta name=\"twitter:card\" content=\"summary_large_image\" \/>\n<script type=\"application\/ld+json\" class=\"yoast-schema-graph\">{\"@context\":\"https:\/\/schema.org\",\"@graph\":[{\"@type\":\"WebPage\",\"@id\":\"https:\/\/www.hemime.it\/it\/cat-salumi\/\",\"url\":\"https:\/\/www.hemime.it\/it\/cat-salumi\/\",\"name\":\"Fleischwaren aus S\u00fcdtirol in Ihrem Supermarket, italienweit.\",\"isPartOf\":{\"@id\":\"https:\/\/www.hemime.it\/#website\"},\"datePublished\":\"2017-06-16T15:37:18+00:00\",\"dateModified\":\"2017-09-27T12:52:15+00:00\",\"description\":\"Unsere Fleischwaren aus S\u00fcdtirol stehen f\u00fcr Regionalit\u00e4t und Qualit\u00e4t. Die Tiere sind nachweislich in S\u00fcdtirol geboren und aufgewachsen.\",\"breadcrumb\":{\"@id\":\"https:\/\/www.hemime.it\/it\/cat-salumi\/#breadcrumb\"},\"inLanguage\":\"it-IT\",\"potentialAction\":[{\"@type\":\"ReadAction\",\"target\":[\"https:\/\/www.hemime.it\/it\/cat-salumi\/\"]}]},{\"@type\":\"BreadcrumbList\",\"@id\":\"https:\/\/www.hemime.it\/it\/cat-salumi\/#breadcrumb\",\"itemListElement\":[{\"@type\":\"ListItem\",\"position\":1,\"name\":\"Startseite\",\"item\":\"https:\/\/www.hemime.it\/it\/\"},{\"@type\":\"ListItem\",\"position\":2,\"name\":\"Salumi\"}]},{\"@type\":\"WebSite\",\"@id\":\"https:\/\/www.hemime.it\/#website\",\"url\":\"https:\/\/www.hemime.it\/\",\"name\":\"Hemime - Mepima\",\"description\":\"Erleben Sie den Genuss von S\u00fcdtirol\",\"potentialAction\":[{\"@type\":\"SearchAction\",\"target\":{\"@type\":\"EntryPoint\",\"urlTemplate\":\"https:\/\/www.hemime.it\/?s={search_term_string}\"},\"query-input\":{\"@type\":\"PropertyValueSpecification\",\"valueRequired\":true,\"valueName\":\"search_term_string\"}}],\"inLanguage\":\"it-IT\"}]}<\/script>\n<!-- \/ Yoast SEO plugin. -->","yoast_head_json":{"title":"Fleischwaren aus S\u00fcdtirol in Ihrem Supermarket, italienweit.","description":"Unsere Fleischwaren aus S\u00fcdtirol stehen f\u00fcr Regionalit\u00e4t und Qualit\u00e4t. Die Tiere sind nachweislich in S\u00fcdtirol geboren und aufgewachsen.","robots":{"index":"index","follow":"follow","max-snippet":"max-snippet:-1","max-image-preview":"max-image-preview:large","max-video-preview":"max-video-preview:-1"},"canonical":"https:\/\/www.hemime.it\/it\/cat-salumi\/","og_locale":"it_IT","og_type":"article","og_title":"Fleischwaren aus S\u00fcdtirol in Ihrem Supermarket, italienweit.","og_description":"Unsere Fleischwaren aus S\u00fcdtirol stehen f\u00fcr Regionalit\u00e4t und Qualit\u00e4t. Die Tiere sind nachweislich in S\u00fcdtirol geboren und aufgewachsen.","og_url":"https:\/\/www.hemime.it\/it\/cat-salumi\/","og_site_name":"Hemime - Mepima","article_modified_time":"2017-09-27T12:52:15+00:00","twitter_card":"summary_large_image","schema":{"@context":"https:\/\/schema.org","@graph":[{"@type":"WebPage","@id":"https:\/\/www.hemime.it\/it\/cat-salumi\/","url":"https:\/\/www.hemime.it\/it\/cat-salumi\/","name":"Fleischwaren aus S\u00fcdtirol in Ihrem Supermarket, italienweit.","isPartOf":{"@id":"https:\/\/www.hemime.it\/#website"},"datePublished":"2017-06-16T15:37:18+00:00","dateModified":"2017-09-27T12:52:15+00:00","description":"Unsere Fleischwaren aus S\u00fcdtirol stehen f\u00fcr Regionalit\u00e4t und Qualit\u00e4t. Die Tiere sind nachweislich in S\u00fcdtirol geboren und aufgewachsen.","breadcrumb":{"@id":"https:\/\/www.hemime.it\/it\/cat-salumi\/#breadcrumb"},"inLanguage":"it-IT","potentialAction":[{"@type":"ReadAction","target":["https:\/\/www.hemime.it\/it\/cat-salumi\/"]}]},{"@type":"BreadcrumbList","@id":"https:\/\/www.hemime.it\/it\/cat-salumi\/#breadcrumb","itemListElement":[{"@type":"ListItem","position":1,"name":"Startseite","item":"https:\/\/www.hemime.it\/it\/"},{"@type":"ListItem","position":2,"name":"Salumi"}]},{"@type":"WebSite","@id":"https:\/\/www.hemime.it\/#website","url":"https:\/\/www.hemime.it\/","name":"Hemime - Mepima","description":"Erleben Sie den Genuss von S\u00fcdtirol","potentialAction":[{"@type":"SearchAction","target":{"@type":"EntryPoint","urlTemplate":"https:\/\/www.hemime.it\/?s={search_term_string}"},"query-input":{"@type":"PropertyValueSpecification","valueRequired":true,"valueName":"search_term_string"}}],"inLanguage":"it-IT"}]}},"jetpack_shortlink":"https:\/\/wp.me\/P8P8R6-aQ","jetpack_sharing_enabled":true,"_links":{"self":[{"href":"https:\/\/www.hemime.it\/it\/wp-json\/wp\/v2\/pages\/672","targetHints":{"allow":["GET"]}}],"collection":[{"href":"https:\/\/www.hemime.it\/it\/wp-json\/wp\/v2\/pages"}],"about":[{"href":"https:\/\/www.hemime.it\/it\/wp-json\/wp\/v2\/types\/page"}],"author":[{"embeddable":true,"href":"https:\/\/www.hemime.it\/it\/wp-json\/wp\/v2\/users\/1"}],"replies":[{"embeddable":true,"href":"https:\/\/www.hemime.it\/it\/wp-json\/wp\/v2\/comments?post=672"}],"version-history":[{"count":8,"href":"https:\/\/www.hemime.it\/it\/wp-json\/wp\/v2\/pages\/672\/revisions"}],"predecessor-version":[{"id":933,"href":"https:\/\/www.hemime.it\/it\/wp-json\/wp\/v2\/pages\/672\/revisions\/933"}],"wp:attachment":[{"href":"https:\/\/www.hemime.it\/it\/wp-json\/wp\/v2\/media?parent=672"}],"curies":[{"name":"wp","href":"https:\/\/api.w.org\/{rel}","templated":true}]}}