{"id":671,"date":"2017-06-16T17:37:13","date_gmt":"2017-06-16T15:37:13","guid":{"rendered":"https:\/\/www.hemime.it\/cat-brote\/"},"modified":"2017-09-27T14:53:03","modified_gmt":"2017-09-27T12:53:03","slug":"cat-pani","status":"publish","type":"page","link":"https:\/\/www.hemime.it\/it\/cat-pani\/","title":{"rendered":"Pani"},"content":{"rendered":"<p>Farina di alta qualit\u00e0, sale, lievito vengono raffinati con spezie.<br \/>\nQuesti pani sono il frutto di ricette tramandate di generazione in generazione e di antiche tradizioni come ad esempio lo Sch\u00fcttelbrot, il pane di segale fatto a mano e a base di ingredienti naturali come l&#8217;anice ed il finocchio.<br \/>\nQuesto pane si consuma al meglio in un piccolo spuntino, accompagnato da speck, formaggio e da un buon bicchiere di vino.<\/p>\n","protected":false},"excerpt":{"rendered":"<p>Farina di alta qualit\u00e0, sale, lievito vengono raffinati con spezie. Questi pani sono il frutto di ricette tramandate di generazione in generazione e di antiche tradizioni come ad esempio lo [&hellip;]<\/p>\n","protected":false},"author":1,"featured_media":0,"parent":0,"menu_order":0,"comment_status":"closed","ping_status":"closed","template":"template-kategorie-mepima.php","meta":{"footnotes":""},"class_list":["post-671","page","type-page","status-publish","hentry"],"acf":[],"yoast_head":"<!-- This site is optimized with the Yoast SEO plugin v27.2 - https:\/\/yoast.com\/product\/yoast-seo-wordpress\/ -->\n<title>Brot aus S\u00fcdtirol in Ihrem Supermarket, italienweit<\/title>\n<meta name=\"description\" content=\"F\u00fcr die Herstellung des S\u00fcdtiroler Brotes werden ausschlie\u00dflich nat\u00fcrlich Zutaten verwendet. Kosten Sie jetzt hochwertiges Brot aus S\u00fcdtirol!\" \/>\n<meta name=\"robots\" content=\"index, follow, max-snippet:-1, max-image-preview:large, max-video-preview:-1\" \/>\n<link rel=\"canonical\" href=\"https:\/\/www.hemime.it\/it\/cat-pani\/\" \/>\n<meta property=\"og:locale\" content=\"it_IT\" \/>\n<meta property=\"og:type\" content=\"article\" \/>\n<meta property=\"og:title\" content=\"Brot aus S\u00fcdtirol in Ihrem Supermarket, italienweit\" \/>\n<meta property=\"og:description\" content=\"F\u00fcr die Herstellung des S\u00fcdtiroler Brotes werden ausschlie\u00dflich nat\u00fcrlich Zutaten verwendet. Kosten Sie jetzt hochwertiges Brot aus S\u00fcdtirol!\" \/>\n<meta property=\"og:url\" content=\"https:\/\/www.hemime.it\/it\/cat-pani\/\" \/>\n<meta property=\"og:site_name\" content=\"Hemime - Mepima\" \/>\n<meta property=\"article:modified_time\" content=\"2017-09-27T12:53:03+00:00\" \/>\n<meta name=\"twitter:card\" content=\"summary_large_image\" \/>\n<script type=\"application\/ld+json\" class=\"yoast-schema-graph\">{\"@context\":\"https:\/\/schema.org\",\"@graph\":[{\"@type\":\"WebPage\",\"@id\":\"https:\/\/www.hemime.it\/it\/cat-pani\/\",\"url\":\"https:\/\/www.hemime.it\/it\/cat-pani\/\",\"name\":\"Brot aus S\u00fcdtirol in Ihrem Supermarket, italienweit\",\"isPartOf\":{\"@id\":\"https:\/\/www.hemime.it\/#website\"},\"datePublished\":\"2017-06-16T15:37:13+00:00\",\"dateModified\":\"2017-09-27T12:53:03+00:00\",\"description\":\"F\u00fcr die Herstellung des S\u00fcdtiroler Brotes werden ausschlie\u00dflich nat\u00fcrlich Zutaten verwendet. Kosten Sie jetzt hochwertiges Brot aus S\u00fcdtirol!\",\"breadcrumb\":{\"@id\":\"https:\/\/www.hemime.it\/it\/cat-pani\/#breadcrumb\"},\"inLanguage\":\"it-IT\",\"potentialAction\":[{\"@type\":\"ReadAction\",\"target\":[\"https:\/\/www.hemime.it\/it\/cat-pani\/\"]}]},{\"@type\":\"BreadcrumbList\",\"@id\":\"https:\/\/www.hemime.it\/it\/cat-pani\/#breadcrumb\",\"itemListElement\":[{\"@type\":\"ListItem\",\"position\":1,\"name\":\"Startseite\",\"item\":\"https:\/\/www.hemime.it\/it\/\"},{\"@type\":\"ListItem\",\"position\":2,\"name\":\"Pani\"}]},{\"@type\":\"WebSite\",\"@id\":\"https:\/\/www.hemime.it\/#website\",\"url\":\"https:\/\/www.hemime.it\/\",\"name\":\"Hemime - Mepima\",\"description\":\"Erleben Sie den Genuss von S\u00fcdtirol\",\"potentialAction\":[{\"@type\":\"SearchAction\",\"target\":{\"@type\":\"EntryPoint\",\"urlTemplate\":\"https:\/\/www.hemime.it\/?s={search_term_string}\"},\"query-input\":{\"@type\":\"PropertyValueSpecification\",\"valueRequired\":true,\"valueName\":\"search_term_string\"}}],\"inLanguage\":\"it-IT\"}]}<\/script>\n<!-- \/ Yoast SEO plugin. -->","yoast_head_json":{"title":"Brot aus S\u00fcdtirol in Ihrem Supermarket, italienweit","description":"F\u00fcr die Herstellung des S\u00fcdtiroler Brotes werden ausschlie\u00dflich nat\u00fcrlich Zutaten verwendet. Kosten Sie jetzt hochwertiges Brot aus S\u00fcdtirol!","robots":{"index":"index","follow":"follow","max-snippet":"max-snippet:-1","max-image-preview":"max-image-preview:large","max-video-preview":"max-video-preview:-1"},"canonical":"https:\/\/www.hemime.it\/it\/cat-pani\/","og_locale":"it_IT","og_type":"article","og_title":"Brot aus S\u00fcdtirol in Ihrem Supermarket, italienweit","og_description":"F\u00fcr die Herstellung des S\u00fcdtiroler Brotes werden ausschlie\u00dflich nat\u00fcrlich Zutaten verwendet. Kosten Sie jetzt hochwertiges Brot aus S\u00fcdtirol!","og_url":"https:\/\/www.hemime.it\/it\/cat-pani\/","og_site_name":"Hemime - Mepima","article_modified_time":"2017-09-27T12:53:03+00:00","twitter_card":"summary_large_image","schema":{"@context":"https:\/\/schema.org","@graph":[{"@type":"WebPage","@id":"https:\/\/www.hemime.it\/it\/cat-pani\/","url":"https:\/\/www.hemime.it\/it\/cat-pani\/","name":"Brot aus S\u00fcdtirol in Ihrem Supermarket, italienweit","isPartOf":{"@id":"https:\/\/www.hemime.it\/#website"},"datePublished":"2017-06-16T15:37:13+00:00","dateModified":"2017-09-27T12:53:03+00:00","description":"F\u00fcr die Herstellung des S\u00fcdtiroler Brotes werden ausschlie\u00dflich nat\u00fcrlich Zutaten verwendet. Kosten Sie jetzt hochwertiges Brot aus S\u00fcdtirol!","breadcrumb":{"@id":"https:\/\/www.hemime.it\/it\/cat-pani\/#breadcrumb"},"inLanguage":"it-IT","potentialAction":[{"@type":"ReadAction","target":["https:\/\/www.hemime.it\/it\/cat-pani\/"]}]},{"@type":"BreadcrumbList","@id":"https:\/\/www.hemime.it\/it\/cat-pani\/#breadcrumb","itemListElement":[{"@type":"ListItem","position":1,"name":"Startseite","item":"https:\/\/www.hemime.it\/it\/"},{"@type":"ListItem","position":2,"name":"Pani"}]},{"@type":"WebSite","@id":"https:\/\/www.hemime.it\/#website","url":"https:\/\/www.hemime.it\/","name":"Hemime - Mepima","description":"Erleben Sie den Genuss von S\u00fcdtirol","potentialAction":[{"@type":"SearchAction","target":{"@type":"EntryPoint","urlTemplate":"https:\/\/www.hemime.it\/?s={search_term_string}"},"query-input":{"@type":"PropertyValueSpecification","valueRequired":true,"valueName":"search_term_string"}}],"inLanguage":"it-IT"}]}},"jetpack_shortlink":"https:\/\/wp.me\/P8P8R6-aP","jetpack_sharing_enabled":true,"_links":{"self":[{"href":"https:\/\/www.hemime.it\/it\/wp-json\/wp\/v2\/pages\/671","targetHints":{"allow":["GET"]}}],"collection":[{"href":"https:\/\/www.hemime.it\/it\/wp-json\/wp\/v2\/pages"}],"about":[{"href":"https:\/\/www.hemime.it\/it\/wp-json\/wp\/v2\/types\/page"}],"author":[{"embeddable":true,"href":"https:\/\/www.hemime.it\/it\/wp-json\/wp\/v2\/users\/1"}],"replies":[{"embeddable":true,"href":"https:\/\/www.hemime.it\/it\/wp-json\/wp\/v2\/comments?post=671"}],"version-history":[{"count":3,"href":"https:\/\/www.hemime.it\/it\/wp-json\/wp\/v2\/pages\/671\/revisions"}],"predecessor-version":[{"id":934,"href":"https:\/\/www.hemime.it\/it\/wp-json\/wp\/v2\/pages\/671\/revisions\/934"}],"wp:attachment":[{"href":"https:\/\/www.hemime.it\/it\/wp-json\/wp\/v2\/media?parent=671"}],"curies":[{"name":"wp","href":"https:\/\/api.w.org\/{rel}","templated":true}]}}