{"id":669,"date":"2017-06-13T11:48:12","date_gmt":"2017-06-13T09:48:12","guid":{"rendered":"https:\/\/www.hemime.it\/cat-apfelsaefte\/"},"modified":"2017-09-27T14:53:18","modified_gmt":"2017-09-27T12:53:18","slug":"cat-succhi-di-mela","status":"publish","type":"page","link":"https:\/\/www.hemime.it\/it\/cat-succhi-di-mela\/","title":{"rendered":"Succhi di mela"},"content":{"rendered":"<p>Le mele vengono spezzettate, pressate ed il succo pastorizzato e imbottigliato, senza aggiunta di zucchero, acqua, conservanti, aromi o altri additivi. Non ci sono allergeni ed i succhi di mele sono privi di glutine, adatti quindi a persone affette da celiachia.<br \/>\nIl sapore \u00e8 di un succo di mela fresco, con un buon equilibrio tra dolcezza e acidit\u00e0; il colore invece \u00e8 giallo dorato.<br \/>\nI succhi di mela devono essere conservati in ambienti freschi ed asciutti e le bottiglie agitate prima della consumazione.<\/p>\n","protected":false},"excerpt":{"rendered":"<p>Le mele vengono spezzettate, pressate ed il succo pastorizzato e imbottigliato, senza aggiunta di zucchero, acqua, conservanti, aromi o altri additivi. Non ci sono allergeni ed i succhi di mele [&hellip;]<\/p>\n","protected":false},"author":1,"featured_media":0,"parent":0,"menu_order":0,"comment_status":"closed","ping_status":"closed","template":"template-kategorie-mepima.php","meta":{"footnotes":""},"class_list":["post-669","page","type-page","status-publish","hentry"],"acf":[],"yoast_head":"<!-- This site is optimized with the Yoast SEO plugin v27.2 - https:\/\/yoast.com\/product\/yoast-seo-wordpress\/ -->\n<title>Apfelsaft aus S\u00fcdtirol in Ihrem Supermarket, italienweit.<\/title>\n<meta name=\"description\" content=\"Kosten Sie hochwertigen Apfelsaft aus S\u00fcdtirol. F\u00fcr die Herstellung von S\u00fcdtiroler Apfelsaft, werden ausschlie\u00dflich Qualit\u00e4ts\u00e4pfel verwendet.\" \/>\n<meta name=\"robots\" content=\"index, follow, max-snippet:-1, max-image-preview:large, max-video-preview:-1\" \/>\n<link rel=\"canonical\" href=\"https:\/\/www.hemime.it\/it\/cat-succhi-di-mela\/\" \/>\n<meta property=\"og:locale\" content=\"it_IT\" \/>\n<meta property=\"og:type\" content=\"article\" \/>\n<meta property=\"og:title\" content=\"Apfelsaft aus S\u00fcdtirol in Ihrem Supermarket, italienweit.\" \/>\n<meta property=\"og:description\" content=\"Kosten Sie hochwertigen Apfelsaft aus S\u00fcdtirol. F\u00fcr die Herstellung von S\u00fcdtiroler Apfelsaft, werden ausschlie\u00dflich Qualit\u00e4ts\u00e4pfel verwendet.\" \/>\n<meta property=\"og:url\" content=\"https:\/\/www.hemime.it\/it\/cat-succhi-di-mela\/\" \/>\n<meta property=\"og:site_name\" content=\"Hemime - Mepima\" \/>\n<meta property=\"article:modified_time\" content=\"2017-09-27T12:53:18+00:00\" \/>\n<meta name=\"twitter:card\" content=\"summary_large_image\" \/>\n<script type=\"application\/ld+json\" class=\"yoast-schema-graph\">{\"@context\":\"https:\/\/schema.org\",\"@graph\":[{\"@type\":\"WebPage\",\"@id\":\"https:\/\/www.hemime.it\/it\/cat-succhi-di-mela\/\",\"url\":\"https:\/\/www.hemime.it\/it\/cat-succhi-di-mela\/\",\"name\":\"Apfelsaft aus S\u00fcdtirol in Ihrem Supermarket, italienweit.\",\"isPartOf\":{\"@id\":\"https:\/\/www.hemime.it\/#website\"},\"datePublished\":\"2017-06-13T09:48:12+00:00\",\"dateModified\":\"2017-09-27T12:53:18+00:00\",\"description\":\"Kosten Sie hochwertigen Apfelsaft aus S\u00fcdtirol. F\u00fcr die Herstellung von S\u00fcdtiroler Apfelsaft, werden ausschlie\u00dflich Qualit\u00e4ts\u00e4pfel verwendet.\",\"breadcrumb\":{\"@id\":\"https:\/\/www.hemime.it\/it\/cat-succhi-di-mela\/#breadcrumb\"},\"inLanguage\":\"it-IT\",\"potentialAction\":[{\"@type\":\"ReadAction\",\"target\":[\"https:\/\/www.hemime.it\/it\/cat-succhi-di-mela\/\"]}]},{\"@type\":\"BreadcrumbList\",\"@id\":\"https:\/\/www.hemime.it\/it\/cat-succhi-di-mela\/#breadcrumb\",\"itemListElement\":[{\"@type\":\"ListItem\",\"position\":1,\"name\":\"Startseite\",\"item\":\"https:\/\/www.hemime.it\/it\/\"},{\"@type\":\"ListItem\",\"position\":2,\"name\":\"Succhi di mela\"}]},{\"@type\":\"WebSite\",\"@id\":\"https:\/\/www.hemime.it\/#website\",\"url\":\"https:\/\/www.hemime.it\/\",\"name\":\"Hemime - Mepima\",\"description\":\"Erleben Sie den Genuss von S\u00fcdtirol\",\"potentialAction\":[{\"@type\":\"SearchAction\",\"target\":{\"@type\":\"EntryPoint\",\"urlTemplate\":\"https:\/\/www.hemime.it\/?s={search_term_string}\"},\"query-input\":{\"@type\":\"PropertyValueSpecification\",\"valueRequired\":true,\"valueName\":\"search_term_string\"}}],\"inLanguage\":\"it-IT\"}]}<\/script>\n<!-- \/ Yoast SEO plugin. -->","yoast_head_json":{"title":"Apfelsaft aus S\u00fcdtirol in Ihrem Supermarket, italienweit.","description":"Kosten Sie hochwertigen Apfelsaft aus S\u00fcdtirol. F\u00fcr die Herstellung von S\u00fcdtiroler Apfelsaft, werden ausschlie\u00dflich Qualit\u00e4ts\u00e4pfel verwendet.","robots":{"index":"index","follow":"follow","max-snippet":"max-snippet:-1","max-image-preview":"max-image-preview:large","max-video-preview":"max-video-preview:-1"},"canonical":"https:\/\/www.hemime.it\/it\/cat-succhi-di-mela\/","og_locale":"it_IT","og_type":"article","og_title":"Apfelsaft aus S\u00fcdtirol in Ihrem Supermarket, italienweit.","og_description":"Kosten Sie hochwertigen Apfelsaft aus S\u00fcdtirol. F\u00fcr die Herstellung von S\u00fcdtiroler Apfelsaft, werden ausschlie\u00dflich Qualit\u00e4ts\u00e4pfel verwendet.","og_url":"https:\/\/www.hemime.it\/it\/cat-succhi-di-mela\/","og_site_name":"Hemime - Mepima","article_modified_time":"2017-09-27T12:53:18+00:00","twitter_card":"summary_large_image","schema":{"@context":"https:\/\/schema.org","@graph":[{"@type":"WebPage","@id":"https:\/\/www.hemime.it\/it\/cat-succhi-di-mela\/","url":"https:\/\/www.hemime.it\/it\/cat-succhi-di-mela\/","name":"Apfelsaft aus S\u00fcdtirol in Ihrem Supermarket, italienweit.","isPartOf":{"@id":"https:\/\/www.hemime.it\/#website"},"datePublished":"2017-06-13T09:48:12+00:00","dateModified":"2017-09-27T12:53:18+00:00","description":"Kosten Sie hochwertigen Apfelsaft aus S\u00fcdtirol. F\u00fcr die Herstellung von S\u00fcdtiroler Apfelsaft, werden ausschlie\u00dflich Qualit\u00e4ts\u00e4pfel verwendet.","breadcrumb":{"@id":"https:\/\/www.hemime.it\/it\/cat-succhi-di-mela\/#breadcrumb"},"inLanguage":"it-IT","potentialAction":[{"@type":"ReadAction","target":["https:\/\/www.hemime.it\/it\/cat-succhi-di-mela\/"]}]},{"@type":"BreadcrumbList","@id":"https:\/\/www.hemime.it\/it\/cat-succhi-di-mela\/#breadcrumb","itemListElement":[{"@type":"ListItem","position":1,"name":"Startseite","item":"https:\/\/www.hemime.it\/it\/"},{"@type":"ListItem","position":2,"name":"Succhi di mela"}]},{"@type":"WebSite","@id":"https:\/\/www.hemime.it\/#website","url":"https:\/\/www.hemime.it\/","name":"Hemime - Mepima","description":"Erleben Sie den Genuss von S\u00fcdtirol","potentialAction":[{"@type":"SearchAction","target":{"@type":"EntryPoint","urlTemplate":"https:\/\/www.hemime.it\/?s={search_term_string}"},"query-input":{"@type":"PropertyValueSpecification","valueRequired":true,"valueName":"search_term_string"}}],"inLanguage":"it-IT"}]}},"jetpack_shortlink":"https:\/\/wp.me\/P8P8R6-aN","jetpack_sharing_enabled":true,"_links":{"self":[{"href":"https:\/\/www.hemime.it\/it\/wp-json\/wp\/v2\/pages\/669","targetHints":{"allow":["GET"]}}],"collection":[{"href":"https:\/\/www.hemime.it\/it\/wp-json\/wp\/v2\/pages"}],"about":[{"href":"https:\/\/www.hemime.it\/it\/wp-json\/wp\/v2\/types\/page"}],"author":[{"embeddable":true,"href":"https:\/\/www.hemime.it\/it\/wp-json\/wp\/v2\/users\/1"}],"replies":[{"embeddable":true,"href":"https:\/\/www.hemime.it\/it\/wp-json\/wp\/v2\/comments?post=669"}],"version-history":[{"count":3,"href":"https:\/\/www.hemime.it\/it\/wp-json\/wp\/v2\/pages\/669\/revisions"}],"predecessor-version":[{"id":935,"href":"https:\/\/www.hemime.it\/it\/wp-json\/wp\/v2\/pages\/669\/revisions\/935"}],"wp:attachment":[{"href":"https:\/\/www.hemime.it\/it\/wp-json\/wp\/v2\/media?parent=669"}],"curies":[{"name":"wp","href":"https:\/\/api.w.org\/{rel}","templated":true}]}}